{"id":2416,"date":"2021-09-06T15:58:05","date_gmt":"2021-09-06T12:58:05","guid":{"rendered":"https:\/\/protego.md\/?post_type=product&#038;p=2416"},"modified":"2024-10-30T12:13:31","modified_gmt":"2024-10-30T09:13:31","slug":"botinki-na-mehu-vortex-w-o2","status":"publish","type":"product","link":"https:\/\/protego.md\/ro\/product\/botinki-na-mehu-vortex-w-o2\/","title":{"rendered":"Papuci cu blana VORTEX W O2"},"content":{"rendered":"<p>Material: partea superioar\u0103 din piele reliefat\u0103 din piele de vac\u0103, hidrofug\u0103, respirabil\u0103 Guler \u00eenalt, spum\u0103, Limba complet c\u0103ptu\u0219it\u0103 Izola\u021bie de blan\u0103 artificial\u0103 pe toat\u0103 lungimea pantofului, Absorb\u021bia energiei \u00een c\u0103lcii. Talp\u0103 realizat\u0103 prin injec\u021bie de polyurethane dublu, rezistent la ulei, anti-electrostatic Incaltaminte de protectie; bocanci de protectie<\/span><\/p>","protected":false},"excerpt":{"rendered":"<p>Material: partea superioar\u0103 din piele reliefat\u0103 din piele de vac\u0103, hidrofug\u0103, respirabil\u0103 Guler \u00eenalt, spum\u0103, Limba complet c\u0103ptu\u0219it\u0103 Izola\u021bie de blan\u0103 artificial\u0103 pe toat\u0103 lungimea pantofului, Absorb\u021bia energiei \u00een c\u0103lcii. Talp\u0103 realizat\u0103 prin injec\u021bie de polyurethane dublu, rezistent la ulei, anti-electrostatic Incaltaminte de protectie; bocanci de protectie<\/span><\/p>\n","protected":false},"featured_media":5345,"template":"","meta":[],"product_brand":[],"product_cat":[98,75],"product_tag":[],"class_list":{"0":"post-2416","1":"product","2":"type-product","3":"status-publish","4":"has-post-thumbnail","6":"product_cat-winter-shoes","7":"product_cat-footwear","9":"first","10":"instock","11":"shipping-taxable","12":"purchasable","13":"product-type-variable"},"acf":[],"aioseo_notices":[],"_links":{"self":[{"href":"https:\/\/protego.md\/ro\/wp-json\/wp\/v2\/product\/2416","targetHints":{"allow":["GET"]}}],"collection":[{"href":"https:\/\/protego.md\/ro\/wp-json\/wp\/v2\/product"}],"about":[{"href":"https:\/\/protego.md\/ro\/wp-json\/wp\/v2\/types\/product"}],"wp:featuredmedia":[{"embeddable":true,"href":"https:\/\/protego.md\/ro\/wp-json\/wp\/v2\/media\/5345"}],"wp:attachment":[{"href":"https:\/\/protego.md\/ro\/wp-json\/wp\/v2\/media?parent=2416"}],"wp:term":[{"taxonomy":"product_brand","embeddable":true,"href":"https:\/\/protego.md\/ro\/wp-json\/wp\/v2\/product_brand?post=2416"},{"taxonomy":"product_cat","embeddable":true,"href":"https:\/\/protego.md\/ro\/wp-json\/wp\/v2\/product_cat?post=2416"},{"taxonomy":"product_tag","embeddable":true,"href":"https:\/\/protego.md\/ro\/wp-json\/wp\/v2\/product_tag?post=2416"}],"curies":[{"name":"wp","href":"https:\/\/api.w.org\/{rel}","templated":true}]}}