{"id":2381,"date":"2022-10-01T15:22:20","date_gmt":"2022-10-01T12:22:20","guid":{"rendered":"https:\/\/protego.md\/?post_type=product&#038;p=2381"},"modified":"2023-11-28T15:49:55","modified_gmt":"2023-11-28T12:49:55","slug":"kurtka-uteplennaya-master-profesional","status":"publish","type":"product","link":"https:\/\/protego.md\/ro\/product\/kurtka-uteplennaya-master-profesional\/","title":{"rendered":"Scurta de iarna Master-Profesional"},"content":{"rendered":"<p><\/p>\n<pre id=\"tw-target-text\" class=\"tw-data-text tw-text-large XcVN5d tw-ta\" dir=\"ltr\" data-placeholder=\"Traducere\"><span class=\"Y2IQFc\" lang=\"ro\">Geaca de iarna:\r\n- 80% poliester \u0219i 20% bumbac\r\n- greutatea de baz\u0103: 280 g \/ m2\r\n- cusutul profesional \u0219i manopera estetic\u0103\r\n- cus\u0103turi triple \u0219i duble \u0219i multe \u0219uruburi solide care consolideaz\u0103 suplimentar locurile \r\n        expuse la rupere\r\n- \u00eent\u0103rirea pe coate\r\n- 5 buzunare, \u00een el 3 cu clape fixate cu velcro\r\n- realizat p\u00e2n\u0103 la \u00eencuietoare acoperit cu lam\u0103 fixat\u0103 cu velcro\r\n- posibilitatea regl\u0103rii l\u0103\u021bimii man\u0219onului de c\u0103tre man\u0219et\u0103\r\n- culori: o\u021bel + negru + inser\u021bii portocalii<\/span><\/pre>\n<p><\/p>","protected":false},"excerpt":{"rendered":"<pre id=\"tw-target-text\" class=\"tw-data-text tw-text-large XcVN5d tw-ta\" dir=\"ltr\" data-placeholder=\"Traducere\"><span class=\"Y2IQFc\" lang=\"ro\">Geaca de iarna:\r\n- 80% poliester \u0219i 20% bumbac\r\n- greutatea de baz\u0103: 280 g \/ m2\r\n- cusutul profesional \u0219i manopera estetic\u0103\r\n- cus\u0103turi triple \u0219i duble \u0219i multe \u0219uruburi solide care consolideaz\u0103 suplimentar locurile expuse la rupere\r\n- \u00eent\u0103rirea pe coate\r\n- 5 buzunare, \u00een el 3 cu clape fixate cu velcro\r\n- realizat p\u00e2n\u0103 la \u00eencuietoare acoperit cu lam\u0103 fixat\u0103 cu velcro\r\n- posibilitatea regl\u0103rii l\u0103\u021bimii man\u0219onului de c\u0103tre man\u0219et\u0103\r\n- culori: o\u021bel + negru + inser\u021bii portocalii<\/span><\/pre>\n","protected":false},"featured_media":2382,"template":"","meta":[],"product_brand":[],"product_cat":[90,17],"product_tag":[],"class_list":{"0":"post-2381","1":"product","2":"type-product","3":"status-publish","4":"has-post-thumbnail","6":"product_cat-winter-work-jacket","7":"product_cat-clothing","9":"first","10":"instock","11":"shipping-taxable","12":"purchasable","13":"product-type-variable"},"acf":[],"aioseo_notices":[],"_links":{"self":[{"href":"https:\/\/protego.md\/ro\/wp-json\/wp\/v2\/product\/2381","targetHints":{"allow":["GET"]}}],"collection":[{"href":"https:\/\/protego.md\/ro\/wp-json\/wp\/v2\/product"}],"about":[{"href":"https:\/\/protego.md\/ro\/wp-json\/wp\/v2\/types\/product"}],"wp:featuredmedia":[{"embeddable":true,"href":"https:\/\/protego.md\/ro\/wp-json\/wp\/v2\/media\/2382"}],"wp:attachment":[{"href":"https:\/\/protego.md\/ro\/wp-json\/wp\/v2\/media?parent=2381"}],"wp:term":[{"taxonomy":"product_brand","embeddable":true,"href":"https:\/\/protego.md\/ro\/wp-json\/wp\/v2\/product_brand?post=2381"},{"taxonomy":"product_cat","embeddable":true,"href":"https:\/\/protego.md\/ro\/wp-json\/wp\/v2\/product_cat?post=2381"},{"taxonomy":"product_tag","embeddable":true,"href":"https:\/\/protego.md\/ro\/wp-json\/wp\/v2\/product_tag?post=2381"}],"curies":[{"name":"wp","href":"https:\/\/api.w.org\/{rel}","templated":true}]}}