{"id":2358,"date":"2022-04-01T15:00:15","date_gmt":"2022-04-01T12:00:15","guid":{"rendered":"https:\/\/protego.md\/?post_type=product&#038;p=2358"},"modified":"2023-06-19T13:33:50","modified_gmt":"2023-06-19T10:33:50","slug":"tufli-rabochie-vortex-s1-metallicheskij-nosok","status":"publish","type":"product","link":"https:\/\/protego.md\/ro\/product\/tufli-rabochie-vortex-s1-metallicheskij-nosok\/","title":{"rendered":"Pantofi de lucru VORTEX S1"},"content":{"rendered":"<p>Tip de pantof: Pantof S1<br \/>\n       Standard: ENISO 20345: 2011,<br \/>\n       Categoria de protectie: S1 SRC,<br \/>\n       Material: piele de vac\u0103 respirabil\u0103 \u00een relief<br \/>\n       guler de spum\u0103,<br \/>\n       Limb\u0103 complet c\u0103ptu\u0219it\u0103<br \/>\n       Degetul metalic protejeaz\u0103 degetele \u00eempotriva impactului cu energie de p\u00e2n\u0103 la 200J,<br \/>\n       Absorb\u021bie de energie \u00een c\u0103lc\u00e2i &#8211; inser\u021bia de gel \u00eencorporat\u0103 \u00een c\u0103lc\u00e2i absoarbe energia \u0219ocului<br \/>\n       \u00een timp ce purta\u021bi pantofi,<br \/>\n       Talp\u0103 rezistent\u0103 la ulei, anti-electrostatic\u0103,<br \/>\n       \u00cenchiz\u0103toare: cu \u0219ireturi<\/p>","protected":false},"excerpt":{"rendered":"<p>Tip de pantof: Pantof S1<br \/>\n       Standard: ENISO 20345: 2011,<br \/>\n       Categoria de protectie: S1 SRC,<br \/>\n       Material: piele de vac\u0103 respirabil\u0103 \u00een relief<br \/>\n       guler de spum\u0103,<br \/>\n       Limb\u0103 complet c\u0103ptu\u0219it\u0103<br \/>\n       Degetul metalic protejeaz\u0103 degetele \u00eempotriva impactului cu energie de p\u00e2n\u0103 la 200J,<br \/>\n       Absorb\u021bie de energie \u00een c\u0103lc\u00e2i &#8211; inser\u021bia de gel \u00eencorporat\u0103 \u00een c\u0103lc\u00e2i absoarbe energia \u0219ocului<br \/>\n       \u00een timp ce purta\u021bi pantofi,<br \/>\n       Talp\u0103 rezistent\u0103 la ulei, anti-electrostatic\u0103,<br \/>\n       \u00cenchiz\u0103toare: cu \u0219ireturi<\/p>\n","protected":false},"featured_media":5781,"template":"","meta":[],"product_brand":[],"product_cat":[75,97],"product_tag":[],"class_list":{"0":"post-2358","1":"product","2":"type-product","3":"status-publish","4":"has-post-thumbnail","6":"product_cat-footwear","7":"product_cat-summer-shoes","9":"first","10":"instock","11":"shipping-taxable","12":"purchasable","13":"product-type-variable"},"acf":[],"aioseo_notices":[],"_links":{"self":[{"href":"https:\/\/protego.md\/ro\/wp-json\/wp\/v2\/product\/2358","targetHints":{"allow":["GET"]}}],"collection":[{"href":"https:\/\/protego.md\/ro\/wp-json\/wp\/v2\/product"}],"about":[{"href":"https:\/\/protego.md\/ro\/wp-json\/wp\/v2\/types\/product"}],"wp:featuredmedia":[{"embeddable":true,"href":"https:\/\/protego.md\/ro\/wp-json\/wp\/v2\/media\/5781"}],"wp:attachment":[{"href":"https:\/\/protego.md\/ro\/wp-json\/wp\/v2\/media?parent=2358"}],"wp:term":[{"taxonomy":"product_brand","embeddable":true,"href":"https:\/\/protego.md\/ro\/wp-json\/wp\/v2\/product_brand?post=2358"},{"taxonomy":"product_cat","embeddable":true,"href":"https:\/\/protego.md\/ro\/wp-json\/wp\/v2\/product_cat?post=2358"},{"taxonomy":"product_tag","embeddable":true,"href":"https:\/\/protego.md\/ro\/wp-json\/wp\/v2\/product_tag?post=2358"}],"curies":[{"name":"wp","href":"https:\/\/api.w.org\/{rel}","templated":true}]}}