{"id":2336,"date":"2021-05-12T14:24:58","date_gmt":"2021-05-12T11:24:58","guid":{"rendered":"https:\/\/protego.md\/?post_type=product&#038;p=2336"},"modified":"2025-10-08T09:50:46","modified_gmt":"2025-10-08T06:50:46","slug":"halat-rabochij-zhenskij-tsvet-vasilek","status":"publish","type":"product","link":"https:\/\/protego.md\/ro\/product\/halat-rabochij-zhenskij-tsvet-vasilek\/","title":{"rendered":"Halat de lucru pentru femei, culoare albastra"},"content":{"rendered":"<p>Halat pentru femei cu siluet\u0103 dreapt\u0103, fermoar central cu nasturi, guler \u00eentoars, m\u00e2nec\u0103 fixat\u0103 pe man\u0219et\u0103 cu nasture.<\/p>\n<p>Halat de lucru pentru femei de culoare albastra , este folosit pe larg\u00a0 \u00een comer\u021b, servicii de cur\u0103\u021benie \u0219i multe altele.<\/p>\n<p>\u021aes\u0103tur\u0103: gabardin\u0103, polietilen\u0103 100%, pl. 160 g \/ mp<\/p>\n<p>Culoare: albastra<\/p>\n<p>Model: pentru femei<\/p>\n<p><\/p>","protected":false},"excerpt":{"rendered":"<p>Halat pentru femei cu siluet\u0103 dreapt\u0103, fermoar central cu nasturi, guler \u00eentoars, m\u00e2nec\u0103 fixat\u0103 pe man\u0219et\u0103 cu nasture. Halat de lucru pentru femei de culoare albastra , este folosit pe larg\u00a0 \u00een comer\u021b, servicii de cur\u0103\u021benie \u0219i multe altele. \u021aes\u0103tur\u0103: gabardin\u0103, polietilen\u0103 100%, pl. 160 g \/ mp Culoare: albastra Model: pentru femei<\/p>\n","protected":false},"featured_media":2337,"template":"","meta":[],"product_brand":[],"product_cat":[17,87],"product_tag":[],"class_list":{"0":"post-2336","1":"product","2":"type-product","3":"status-publish","4":"has-post-thumbnail","6":"product_cat-clothing","7":"product_cat-halaty","9":"first","10":"instock","11":"shipping-taxable","12":"purchasable","13":"product-type-simple"},"acf":[],"aioseo_notices":[],"_links":{"self":[{"href":"https:\/\/protego.md\/ro\/wp-json\/wp\/v2\/product\/2336","targetHints":{"allow":["GET"]}}],"collection":[{"href":"https:\/\/protego.md\/ro\/wp-json\/wp\/v2\/product"}],"about":[{"href":"https:\/\/protego.md\/ro\/wp-json\/wp\/v2\/types\/product"}],"wp:featuredmedia":[{"embeddable":true,"href":"https:\/\/protego.md\/ro\/wp-json\/wp\/v2\/media\/2337"}],"wp:attachment":[{"href":"https:\/\/protego.md\/ro\/wp-json\/wp\/v2\/media?parent=2336"}],"wp:term":[{"taxonomy":"product_brand","embeddable":true,"href":"https:\/\/protego.md\/ro\/wp-json\/wp\/v2\/product_brand?post=2336"},{"taxonomy":"product_cat","embeddable":true,"href":"https:\/\/protego.md\/ro\/wp-json\/wp\/v2\/product_cat?post=2336"},{"taxonomy":"product_tag","embeddable":true,"href":"https:\/\/protego.md\/ro\/wp-json\/wp\/v2\/product_tag?post=2336"}],"curies":[{"name":"wp","href":"https:\/\/api.w.org\/{rel}","templated":true}]}}