{"id":2332,"date":"2021-05-12T14:15:43","date_gmt":"2021-05-12T11:15:43","guid":{"rendered":"https:\/\/protego.md\/?post_type=product&#038;p=2332"},"modified":"2023-02-23T15:09:13","modified_gmt":"2023-02-23T12:09:13","slug":"halat-rabochij-muzhskoj-tsvet-t-sinij","status":"publish","type":"product","link":"https:\/\/protego.md\/ro\/product\/halat-rabochij-muzhskoj-tsvet-t-sinij\/","title":{"rendered":"Halat de lucru pentru barbati, culoare albastra"},"content":{"rendered":"<p>Halat pentru b\u0103rba\u021bi<\/p>\n<p>Halat pentru b\u0103rba\u021bi de lucru pentru diverse domenii de activitate. Conceput ca \u00eembr\u0103c\u0103minte de lucru pentru a proteja lucr\u0103torii de poluarea industrial\u0103 general\u0103, stresul mecanic, acizii \u0219i temperaturile ridicate din diverse industrii. Halat cu \u00eenchidere\u00a0 cu nasturi. Man\u0219oane cu man\u0219et\u0103 cu band\u0103 de contact. Cus\u0103turile laterale au fante pentru acces u\u0219or la buzunarele pantalonilor. Buzunar la piept.<\/p>\n<p>Material: \u021bes\u0103tur\u0103 amestecat\u0103 (bumbac 50%, poliester 50%)<\/p>\n<p>Culoare: albastru cu inser\u021bii de gri.<\/p>","protected":false},"excerpt":{"rendered":"<p>Halat pentru b\u0103rba\u021bi Halat pentru b\u0103rba\u021bi de lucru pentru diverse domenii de activitate. Conceput ca \u00eembr\u0103c\u0103minte de lucru pentru a proteja lucr\u0103torii de poluarea industrial\u0103 general\u0103, stresul mecanic, acizii \u0219i temperaturile ridicate din diverse industrii. Halat cu \u00eenchidere\u00a0 cu nasturi. Man\u0219oane cu man\u0219et\u0103 cu band\u0103 de contact. Cus\u0103turile laterale au fante pentru acces u\u0219or la [&hellip;]<\/p>\n","protected":false},"featured_media":2333,"template":"","meta":[],"product_brand":[],"product_cat":[17,87],"product_tag":[],"class_list":{"0":"post-2332","1":"product","2":"type-product","3":"status-publish","4":"has-post-thumbnail","6":"product_cat-clothing","7":"product_cat-halaty","9":"first","10":"instock","11":"shipping-taxable","12":"purchasable","13":"product-type-simple"},"acf":[],"aioseo_notices":[],"_links":{"self":[{"href":"https:\/\/protego.md\/ro\/wp-json\/wp\/v2\/product\/2332","targetHints":{"allow":["GET"]}}],"collection":[{"href":"https:\/\/protego.md\/ro\/wp-json\/wp\/v2\/product"}],"about":[{"href":"https:\/\/protego.md\/ro\/wp-json\/wp\/v2\/types\/product"}],"wp:featuredmedia":[{"embeddable":true,"href":"https:\/\/protego.md\/ro\/wp-json\/wp\/v2\/media\/2333"}],"wp:attachment":[{"href":"https:\/\/protego.md\/ro\/wp-json\/wp\/v2\/media?parent=2332"}],"wp:term":[{"taxonomy":"product_brand","embeddable":true,"href":"https:\/\/protego.md\/ro\/wp-json\/wp\/v2\/product_brand?post=2332"},{"taxonomy":"product_cat","embeddable":true,"href":"https:\/\/protego.md\/ro\/wp-json\/wp\/v2\/product_cat?post=2332"},{"taxonomy":"product_tag","embeddable":true,"href":"https:\/\/protego.md\/ro\/wp-json\/wp\/v2\/product_tag?post=2332"}],"curies":[{"name":"wp","href":"https:\/\/api.w.org\/{rel}","templated":true}]}}