{"id":2330,"date":"2021-05-12T14:13:49","date_gmt":"2021-05-12T11:13:49","guid":{"rendered":"https:\/\/protego.md\/?post_type=product&#038;p=2330"},"modified":"2024-03-18T11:11:59","modified_gmt":"2024-03-18T08:11:59","slug":"halat-rabochij-muzhskoj-econom-tsvet-t-sinij","status":"publish","type":"product","link":"https:\/\/protego.md\/ro\/product\/halat-rabochij-muzhskoj-econom-tsvet-t-sinij\/","title":{"rendered":"Halat de lucru pentru barbati ECONOM (la comanda), culoare albastru"},"content":{"rendered":"<p>Halat pentru b\u0103rba\u021bi<\/p>\n<p>Halat pentru b\u0103rba\u021bi de lucru pentru diverse domenii de activitate. Conceput ca \u00eembr\u0103c\u0103minte de lucru pentru a proteja lucr\u0103torii de poluarea industrial\u0103 general\u0103, stresul mecanic, acizii \u0219i temperaturile ridicate din diverse industrii. Halat cu \u00eenchidere\u00a0 cu nasturi. Man\u0219oane cu man\u0219et\u0103 cu band\u0103 de contact. Cus\u0103turile laterale au fante pentru acces u\u0219or la buzunarele pantalonilor. Buzunar la piept.<\/p>\n<p>Material: \u021bes\u0103tur\u0103 amestecat\u0103 ECO (bumbac 35%, poliester 65%)<\/p>\n<p>Culoare: albastru cu inser\u021bii de albastru deschis.<\/p>","protected":false},"excerpt":{"rendered":"<p>Halat pentru b\u0103rba\u021bi Halat pentru b\u0103rba\u021bi de lucru pentru diverse domenii de activitate. Conceput ca \u00eembr\u0103c\u0103minte de lucru pentru a proteja lucr\u0103torii de poluarea industrial\u0103 general\u0103, stresul mecanic, acizii \u0219i temperaturile ridicate din diverse industrii. Halat cu \u00eenchidere\u00a0 cu nasturi. Man\u0219oane cu man\u0219et\u0103 cu band\u0103 de contact. Cus\u0103turile laterale au fante pentru acces u\u0219or la [&hellip;]<\/p>\n","protected":false},"featured_media":2331,"template":"","meta":[],"product_brand":[],"product_cat":[87],"product_tag":[],"class_list":{"0":"post-2330","1":"product","2":"type-product","3":"status-publish","4":"has-post-thumbnail","6":"product_cat-halaty","8":"first","9":"instock","10":"shipping-taxable","11":"purchasable","12":"product-type-simple"},"acf":[],"aioseo_notices":[],"_links":{"self":[{"href":"https:\/\/protego.md\/ro\/wp-json\/wp\/v2\/product\/2330","targetHints":{"allow":["GET"]}}],"collection":[{"href":"https:\/\/protego.md\/ro\/wp-json\/wp\/v2\/product"}],"about":[{"href":"https:\/\/protego.md\/ro\/wp-json\/wp\/v2\/types\/product"}],"wp:featuredmedia":[{"embeddable":true,"href":"https:\/\/protego.md\/ro\/wp-json\/wp\/v2\/media\/2331"}],"wp:attachment":[{"href":"https:\/\/protego.md\/ro\/wp-json\/wp\/v2\/media?parent=2330"}],"wp:term":[{"taxonomy":"product_brand","embeddable":true,"href":"https:\/\/protego.md\/ro\/wp-json\/wp\/v2\/product_brand?post=2330"},{"taxonomy":"product_cat","embeddable":true,"href":"https:\/\/protego.md\/ro\/wp-json\/wp\/v2\/product_cat?post=2330"},{"taxonomy":"product_tag","embeddable":true,"href":"https:\/\/protego.md\/ro\/wp-json\/wp\/v2\/product_tag?post=2330"}],"curies":[{"name":"wp","href":"https:\/\/api.w.org\/{rel}","templated":true}]}}