{"id":2252,"date":"2021-05-12T12:49:51","date_gmt":"2021-05-12T09:49:51","guid":{"rendered":"https:\/\/protego.md\/?post_type=product&#038;p=2252"},"modified":"2023-07-12T09:49:47","modified_gmt":"2023-07-12T06:49:47","slug":"kostyum-svarshhika-brezentovyj","status":"publish","type":"product","link":"https:\/\/protego.md\/ro\/product\/kostyum-svarshhika-brezentovyj\/","title":{"rendered":"Costum pentru sudor din brezent"},"content":{"rendered":"<p>Jachet\u0103 cu \u00eenchidere cu nasturi ascunsi, buzunare laterale \u00een cus\u0103turi.<br \/>\nG\u0103uri de ventila\u021bie \u00een partea superioar\u0103 a man\u0219onului \u0219i pe spate.<br \/>\nPantaloni cu 2 buzunare laterale.<\/p>\n<p>\u021aes\u0103tur\u0103: prelat\u0103, ignifug\u0103, 550 g \/ mp.<br \/>\nCuloare: m\u0103slin.<\/p>","protected":false},"excerpt":{"rendered":"<p>Jachet\u0103 cu \u00eenchidere cu nasturi ascunsi, buzunare laterale \u00een cus\u0103turi. G\u0103uri de ventila\u021bie \u00een partea superioar\u0103 a man\u0219onului \u0219i pe spate. Pantaloni cu 2 buzunare laterale. \u021aes\u0103tur\u0103: prelat\u0103, ignifug\u0103, 550 g \/ mp. Culoare: m\u0103slin.<\/p>\n","protected":false},"featured_media":2253,"template":"","meta":[],"product_brand":[],"product_cat":[83,17],"product_tag":[],"class_list":{"0":"post-2252","1":"product","2":"type-product","3":"status-publish","4":"has-post-thumbnail","6":"product_cat-summer-clothing-2","7":"product_cat-clothing","9":"first","10":"instock","11":"shipping-taxable","12":"purchasable","13":"product-type-simple"},"acf":[],"aioseo_notices":[],"_links":{"self":[{"href":"https:\/\/protego.md\/ro\/wp-json\/wp\/v2\/product\/2252","targetHints":{"allow":["GET"]}}],"collection":[{"href":"https:\/\/protego.md\/ro\/wp-json\/wp\/v2\/product"}],"about":[{"href":"https:\/\/protego.md\/ro\/wp-json\/wp\/v2\/types\/product"}],"wp:featuredmedia":[{"embeddable":true,"href":"https:\/\/protego.md\/ro\/wp-json\/wp\/v2\/media\/2253"}],"wp:attachment":[{"href":"https:\/\/protego.md\/ro\/wp-json\/wp\/v2\/media?parent=2252"}],"wp:term":[{"taxonomy":"product_brand","embeddable":true,"href":"https:\/\/protego.md\/ro\/wp-json\/wp\/v2\/product_brand?post=2252"},{"taxonomy":"product_cat","embeddable":true,"href":"https:\/\/protego.md\/ro\/wp-json\/wp\/v2\/product_cat?post=2252"},{"taxonomy":"product_tag","embeddable":true,"href":"https:\/\/protego.md\/ro\/wp-json\/wp\/v2\/product_tag?post=2252"}],"curies":[{"name":"wp","href":"https:\/\/api.w.org\/{rel}","templated":true}]}}